{"id":487,"date":"2024-08-27T20:34:37","date_gmt":"2024-08-27T19:34:37","guid":{"rendered":"http:\/\/Gustavo"},"modified":"2024-08-27T20:34:37","modified_gmt":"2024-08-27T19:34:37","slug":"terminos-y-condiciones","status":"publish","type":"page","link":"https:\/\/climatorres.es\/en\/terminos-y-condiciones\/","title":{"rendered":"T\u00e9rminos y condiciones"},"content":{"rendered":"<p>Para generar los documentos legales acceder a <a href=\"https:\/\/textos-legales.edgartamarit.com\/\">https:\/\/textos-legales.edgartamarit.com\/<\/a><\/p>","protected":false},"excerpt":{"rendered":"<p>Para generar los documentos legales acceder a https:\/\/textos-legales.edgartamarit.com\/<\/p>","protected":false},"author":15,"featured_media":0,"parent":0,"menu_order":0,"comment_status":"closed","ping_status":"closed","template":"","meta":{"_joinchat":[],"footnotes":""},"class_list":["post-487","page","type-page","status-publish","hentry"],"yoast_head":"<!-- This site is optimized with the Yoast SEO plugin v26.8 - https:\/\/yoast.com\/product\/yoast-seo-wordpress\/ -->\n<title>T\u00e9rminos y condiciones - ClimaTorres<\/title>\n<meta name=\"description\" content=\"Para generar los documentos legales acceder a https:\/\/textos-legales.edgartamarit.com\/\" \/>\n<meta name=\"robots\" content=\"noindex, nofollow\" \/>\n<meta property=\"og:locale\" content=\"en_GB\" \/>\n<meta property=\"og:type\" content=\"article\" \/>\n<meta property=\"og:title\" content=\"T\u00e9rminos y condiciones - ClimaTorres\" \/>\n<meta property=\"og:description\" content=\"Para generar los documentos legales acceder a https:\/\/textos-legales.edgartamarit.com\/\" \/>\n<meta property=\"og:url\" content=\"https:\/\/climatorres.es\/en\/terminos-y-condiciones\/\" \/>\n<meta property=\"og:site_name\" content=\"ClimaTorres\" \/>\n<meta name=\"twitter:card\" content=\"summary_large_image\" \/>\n<script type=\"application\/ld+json\" class=\"yoast-schema-graph\">{\"@context\":\"https:\/\/schema.org\",\"@graph\":[{\"@type\":\"WebPage\",\"@id\":\"https:\/\/climatorres.es\/terminos-y-condiciones\/\",\"url\":\"https:\/\/climatorres.es\/terminos-y-condiciones\/\",\"name\":\"T\u00e9rminos y condiciones - ClimaTorres\",\"isPartOf\":{\"@id\":\"https:\/\/climatorres.es\/#website\"},\"datePublished\":\"2024-08-27T19:34:37+00:00\",\"description\":\"Para generar los documentos legales acceder a https:\/\/textos-legales.edgartamarit.com\/\",\"breadcrumb\":{\"@id\":\"https:\/\/climatorres.es\/terminos-y-condiciones\/#breadcrumb\"},\"inLanguage\":\"en-GB\",\"potentialAction\":[{\"@type\":\"ReadAction\",\"target\":[\"https:\/\/climatorres.es\/terminos-y-condiciones\/\"]}]},{\"@type\":\"BreadcrumbList\",\"@id\":\"https:\/\/climatorres.es\/terminos-y-condiciones\/#breadcrumb\",\"itemListElement\":[{\"@type\":\"ListItem\",\"position\":1,\"name\":\"Inicio\",\"item\":\"https:\/\/climatorres.es\/\"},{\"@type\":\"ListItem\",\"position\":2,\"name\":\"T\u00e9rminos y condiciones\"}]},{\"@type\":\"WebSite\",\"@id\":\"https:\/\/climatorres.es\/#website\",\"url\":\"https:\/\/climatorres.es\/\",\"name\":\"ClimaTorres\",\"description\":\"ClimaTorres - Expertos en Climatizaci\u00f3n y Energ\u00edas Renovables en Alicante  M\u00e1s de 35 a\u00f1os ofreciendo instalaci\u00f3n, mantenimiento y reparaci\u00f3n de aire acondicionado, calefacci\u00f3n, aerotermia y suelos radiantes. Servicio t\u00e9cnico autorizado. Atenci\u00f3n personalizada en Alicante, Valencia y Murcia. \u00a1Consulta sin compromiso!\",\"publisher\":{\"@id\":\"https:\/\/climatorres.es\/#organization\"},\"alternateName\":\"Expertos en Climatizaci\u00f3n en Alicante\",\"potentialAction\":[{\"@type\":\"SearchAction\",\"target\":{\"@type\":\"EntryPoint\",\"urlTemplate\":\"https:\/\/climatorres.es\/?s={search_term_string}\"},\"query-input\":{\"@type\":\"PropertyValueSpecification\",\"valueRequired\":true,\"valueName\":\"search_term_string\"}}],\"inLanguage\":\"en-GB\"},{\"@type\":\"Organization\",\"@id\":\"https:\/\/climatorres.es\/#organization\",\"name\":\"ClimaTorres\",\"alternateName\":\"ClimaTorres - Expertos en Climatizaci\u00f3n en Alicante\",\"url\":\"https:\/\/climatorres.es\/\",\"logo\":{\"@type\":\"ImageObject\",\"inLanguage\":\"en-GB\",\"@id\":\"https:\/\/climatorres.es\/#\/schema\/logo\/image\/\",\"url\":\"https:\/\/climatorres.es\/wp-content\/uploads\/2025\/01\/Climatorres-2-logos.png\",\"contentUrl\":\"https:\/\/climatorres.es\/wp-content\/uploads\/2025\/01\/Climatorres-2-logos.png\",\"width\":663,\"height\":211,\"caption\":\"ClimaTorres\"},\"image\":{\"@id\":\"https:\/\/climatorres.es\/#\/schema\/logo\/image\/\"}}]}<\/script>\n<!-- \/ Yoast SEO plugin. -->","yoast_head_json":{"title":"T\u00e9rminos y condiciones - ClimaTorres","description":"Para generar los documentos legales acceder a https:\/\/textos-legales.edgartamarit.com\/","robots":{"index":"noindex","follow":"nofollow"},"og_locale":"en_GB","og_type":"article","og_title":"T\u00e9rminos y condiciones - ClimaTorres","og_description":"Para generar los documentos legales acceder a https:\/\/textos-legales.edgartamarit.com\/","og_url":"https:\/\/climatorres.es\/en\/terminos-y-condiciones\/","og_site_name":"ClimaTorres","twitter_card":"summary_large_image","schema":{"@context":"https:\/\/schema.org","@graph":[{"@type":"WebPage","@id":"https:\/\/climatorres.es\/terminos-y-condiciones\/","url":"https:\/\/climatorres.es\/terminos-y-condiciones\/","name":"T\u00e9rminos y condiciones - ClimaTorres","isPartOf":{"@id":"https:\/\/climatorres.es\/#website"},"datePublished":"2024-08-27T19:34:37+00:00","description":"Para generar los documentos legales acceder a https:\/\/textos-legales.edgartamarit.com\/","breadcrumb":{"@id":"https:\/\/climatorres.es\/terminos-y-condiciones\/#breadcrumb"},"inLanguage":"en-GB","potentialAction":[{"@type":"ReadAction","target":["https:\/\/climatorres.es\/terminos-y-condiciones\/"]}]},{"@type":"BreadcrumbList","@id":"https:\/\/climatorres.es\/terminos-y-condiciones\/#breadcrumb","itemListElement":[{"@type":"ListItem","position":1,"name":"Inicio","item":"https:\/\/climatorres.es\/"},{"@type":"ListItem","position":2,"name":"T\u00e9rminos y condiciones"}]},{"@type":"WebSite","@id":"https:\/\/climatorres.es\/#website","url":"https:\/\/climatorres.es\/","name":"ClimaTorres","description":"ClimaTorres - Expertos en Climatizaci\u00f3n y Energ\u00edas Renovables en Alicante  M\u00e1s de 35 a\u00f1os ofreciendo instalaci\u00f3n, mantenimiento y reparaci\u00f3n de aire acondicionado, calefacci\u00f3n, aerotermia y suelos radiantes. Servicio t\u00e9cnico autorizado. Atenci\u00f3n personalizada en Alicante, Valencia y Murcia. \u00a1Consulta sin compromiso!","publisher":{"@id":"https:\/\/climatorres.es\/#organization"},"alternateName":"Expertos en Climatizaci\u00f3n en Alicante","potentialAction":[{"@type":"SearchAction","target":{"@type":"EntryPoint","urlTemplate":"https:\/\/climatorres.es\/?s={search_term_string}"},"query-input":{"@type":"PropertyValueSpecification","valueRequired":true,"valueName":"search_term_string"}}],"inLanguage":"en-GB"},{"@type":"Organization","@id":"https:\/\/climatorres.es\/#organization","name":"ClimaTorres","alternateName":"ClimaTorres - Expertos en Climatizaci\u00f3n en Alicante","url":"https:\/\/climatorres.es\/","logo":{"@type":"ImageObject","inLanguage":"en-GB","@id":"https:\/\/climatorres.es\/#\/schema\/logo\/image\/","url":"https:\/\/climatorres.es\/wp-content\/uploads\/2025\/01\/Climatorres-2-logos.png","contentUrl":"https:\/\/climatorres.es\/wp-content\/uploads\/2025\/01\/Climatorres-2-logos.png","width":663,"height":211,"caption":"ClimaTorres"},"image":{"@id":"https:\/\/climatorres.es\/#\/schema\/logo\/image\/"}}]}},"_links":{"self":[{"href":"https:\/\/climatorres.es\/en\/wp-json\/wp\/v2\/pages\/487","targetHints":{"allow":["GET"]}}],"collection":[{"href":"https:\/\/climatorres.es\/en\/wp-json\/wp\/v2\/pages"}],"about":[{"href":"https:\/\/climatorres.es\/en\/wp-json\/wp\/v2\/types\/page"}],"author":[{"embeddable":true,"href":"https:\/\/climatorres.es\/en\/wp-json\/wp\/v2\/users\/15"}],"replies":[{"embeddable":true,"href":"https:\/\/climatorres.es\/en\/wp-json\/wp\/v2\/comments?post=487"}],"version-history":[{"count":0,"href":"https:\/\/climatorres.es\/en\/wp-json\/wp\/v2\/pages\/487\/revisions"}],"wp:attachment":[{"href":"https:\/\/climatorres.es\/en\/wp-json\/wp\/v2\/media?parent=487"}],"curies":[{"name":"wp","href":"https:\/\/api.w.org\/{rel}","templated":true}]}}